{"id":51187,"date":"2026-03-01T13:38:59","date_gmt":"2026-03-01T12:38:59","guid":{"rendered":"https:\/\/niv-now.com\/?page_id=51187"},"modified":"2026-04-24T13:19:05","modified_gmt":"2026-04-24T11:19:05","slug":"business-coaching-berlin","status":"publish","type":"page","link":"https:\/\/niv-now.com\/de\/business-coaching-berlin\/","title":{"rendered":"Business Coaching 26"},"content":{"rendered":"<div class=\"gbp-section gb-element-33cad483\">\n<div class=\"gbp-section__inner gb-element-bda96e97\">\n<h1 class=\"gb-text gbp-section__headline gb-text-fc927ce2\">Business- &amp; F\u00fchrungscoaching in Berlin und online: Von der \u00dcberforderung zur Zukunftsf\u00e4higkeit<\/h1>\n\n\n\n<p class=\"gb-text gbp-section__text gb-text-c0246494\">Ganz gleich, ob Sie in Ihrer aktuellen Position mit zunehmendem Druck zu k\u00e4mpfen haben, sich unsicher sind, wie Sie sich weiterbilden sollen, oder Ihren n\u00e4chsten Karriereschritt planen. Sie m\u00fcssen das nicht alleine bew\u00e4ltigen.  Entwickeln Sie einen klaren Fahrplan, sch\u00e4rfen Sie Ihre F\u00fchrungskompetenzen und bauen Sie sich eine Karriere auf, mit der Sie immer einen Schritt voraus sind.<\/p>\n\n\n\n<div class=\"gb-element-efc4363b\">\n<a class=\"gb-text gbp-button--primary\" data-gb-overlay=\"gb-overlay-50261\" href=\"#booking\">Vereinbaren Sie Ihren kostenlosen Clarity Call<\/a>\n<\/div>\n<\/div>\n<\/div>\n\n\n\n<div class=\"gbp-section\" id=\"more\">\n<div class=\"gbp-section__inner gb-element-e8d4d7b9\">\n<h2 class=\"gb-text gbp-section__headline\">Wenn Sie eines dieser Probleme haben, sind Sie hier genau richtig<\/h2>\n\n\n\n<div class=\"gb-element-7fda64f2\">\n<div class=\"gbp-card__shadow gbp-card\">\n<h3 class=\"gb-text gbp-card__title\">Druck von\nallen Seiten <br>All Sides<\/h3>\n\n\n\n<p class=\"gb-text gbp-features__text\">Die Erwartungen steigen, die Ressourcen schwinden und es gibt keinen Spielraum f\u00fcr Fehler. Jeder Tag f\u00fchlt sich wie eine Pr\u00fcfung an, die Sie nicht vers\u00e4umen d\u00fcrfen.&nbsp;<br><\/p>\n<\/div>\n\n\n\n<div class=\"gbp-card__shadow gbp-card\">\n<h3 class=\"gb-text gbp-card__title\">Die Bef\u00fcrchtung irrelevant zu werden<\/h3>\n\n\n\n<p class=\"gb-text gbp-features__text\">Die Branche ver\u00e4ndert sich rasant. Sie sind sich nicht sicher, ob Ihre F\u00e4higkeiten noch ausreichen - oder was Sie als N\u00e4chstes lernen m\u00fcssen.<br><br><\/p>\n<\/div>\n\n\n\n<div class=\"gbp-card__shadow gbp-card gb-element-91ddcf5c\">\n<h3 class=\"gb-text gbp-card__title\">Kein klarer Weg nach vorne<\/h3>\n\n\n\n<p class=\"gb-text gbp-features__text\">Sie wissen nicht, ob Sie in Ihrer aktuellen Rolle wachsen, aufsteigen oder sich komplett neu orientieren sollten. Die Optionen sind \u00fcberw\u00e4ltigend.&nbsp;<br><br><\/p>\n<\/div>\n\n\n\n<div class=\"gbp-card__shadow gbp-card gb-element-aae79e63\">\n<h3 class=\"gb-text gbp-card__title\">Der Stress \u00fcbertr\u00e4gt sich auf alles<\/h3>\n\n\n\n<p class=\"gb-text gbp-features__text\">Der Arbeitsdruck beeintr\u00e4chtigt Ihre Konzentration, Ihre Beziehungen und Ihr Selbstwertgef\u00fchl. Sie sind v\u00f6llig ersch\u00f6pft.<br><br><\/p>\n<\/div>\n\n\n\n<div class=\"gbp-card__shadow gbp-card gb-element-fe2efe01\">\n<h3 class=\"gb-text gbp-card__title translation-block\">Niemand, mit dem man\nreden kann<\/h3>\n\n\n\n<p class=\"gb-text gbp-features__text\">Auf Ihrer Ebene f\u00fchlt es sich riskant an, Schw\u00e4che zu zeigen. Sie meistern das alleine, ohne einen sicheren Raum, in dem Sie laut nachdenken k\u00f6nnen.<\/p>\n<\/div>\n\n\n\n<div class=\"gbp-card__shadow gbp-card gb-element-0c604da0\">\n<h3 class=\"gb-text gbp-card__title translation-block\">Keine einfachen\nTools &amp; Rahmenbedingungen<\/h3>\n\n\n\n<p class=\"gb-text gbp-features__text\">Sie sind gut, aber nutzen nicht die effizientesten Werkzeuge, auch deshalb liegt immer mehr Arbeit auf deinem Schreibtisch.<\/p>\n<\/div>\n<\/div>\n<\/div>\n<\/div>\n\n\n\n<div class=\"gbp-section gb-element-ea28fe50\">\n<div class=\"gbp-section__inner\">\n<div class=\"gb-element-3a19995a\">\n<h2 class=\"gb-text gbp-section__headline\">Sie brauchen nicht mehr Willenskraft. Sie brauchen einen Plan.<\/h2>\n\n\n\n<p class=\"gb-text\">Den meisten F\u00fchrungskr\u00e4ften mangelt es nicht an Talent. Es fehlt ihnen an Klarheit,  Struktur und einem vertrauensvollen Raum, um Dinge zu durchdenken.&nbsp;<br>structure, and a trusted space to think things through.<br><br><\/p>\n\n\n\n<p class=\"gb-text gbp-section__text\">Genau das bietet mein Coaching<\/p>\n<\/div>\n\n\n\n<div class=\"gb-element-65971c5d\">\n<div class=\"gbp-card\">\n<h2 class=\"gb-text\">67%<\/h2>\n\n\n\n<p class=\"gb-text gbp-text__margin-bottom-0\"><\/p>\n\n\n\n<p class=\"gb-text gbp-text__margin-bottom-0\">&nbsp; &nbsp; der F\u00fchrungskr\u00e4fte geben an, sich bei der Arbeit \u00fcberfordert zu f\u00fchlen<br><\/p>\n\n\n\n<p>Quelle: McKinsey Leadership Report<\/p>\n<\/div>\n\n\n\n<div class=\"gbp-card\">\n<h2 class=\"gb-text\">40%<\/h2>\n\n\n\n<p class=\"gb-text gbp-text__margin-bottom-0\">der neuen F\u00fchrungskr\u00e4fte scheitern innerhalb der ersten 18 Monate <br><\/p>\n\n\n\n<p>Quelle: Harvard Business Review<\/p>\n<\/div>\n\n\n\n<div class=\"gbp-card\">\n<h2 class=\"gb-text\">97%<\/h2>\n\n\n\n<p class=\"gb-text gbp-text__margin-bottom-0\">der F\u00fchrungskr\u00e4fte sind sehr zufrieden mit meinem Coaching f\u00fcr mehr Klarheit, Selbstvertrauen und Ergebnisse<br><\/p>\n\n\n\n<p>Quelle: eigene Daten<\/p>\n<\/div>\n<\/div>\n<\/div>\n<\/div>\n\n\n\n<div class=\"gbp-section gb-element-f99b9835\">\n<div class=\"gbp-section__inner gb-element-b6a0835a\">\n<div>\n<h2 class=\"gb-text gbp-section__headline gb-text-ae5326e4\">So bringe ich Sie weiter<\/h2>\n\n\n\n<p class=\"gb-text gbp-section__text gb-text-77f28a45\">Gemeinsam kl\u00e4ren wir Unklarheiten, ermitteln, was f\u00fcr Ihre Entwicklung und Probleml\u00f6sung wirklich wichtig ist,&nbsp;<br>und erstellen einen konkreten Plan, um dorthin zu gelangen. In Wochen, nicht in Monaten.<br><br><\/p>\n\n\n\n<img loading=\"lazy\" decoding=\"async\" width=\"1000\" height=\"700\" class=\"gb-media-bbfbcc48\" alt=\"\" title=\"Coaching-factory-Berlin-Niv-Now\" src=\"https:\/\/niv-now.com\/wp-content\/uploads\/Coaching-factory-Berlin-Niv-Now.png\" srcset=\"https:\/\/niv-now.com\/wp-content\/uploads\/Coaching-factory-Berlin-Niv-Now.png 1000w, https:\/\/niv-now.com\/wp-content\/uploads\/Coaching-factory-Berlin-Niv-Now-768x538.png 768w\" sizes=\"auto, (max-width: 1000px) 100vw, 1000px\" \/>\n\n\n\n<div class=\"gb-element-4593140f\">\n<p class=\"gb-text gb-text-91bd95b6\">\u2713 15\u201330 Minuten, ganz unverbindlich<\/p>\n\n\n\n<p class=\"gb-text gb-text-35df24bc\"> \u2713 Sofort mehr Klarheit <\/p>\n\n\n\n<p class=\"gb-text\">\u2713 Sie nehmen konkrete n\u00e4chste Schritte mit<\/p>\n<\/div>\n\n\n\n<a class=\"gb-text gbp-button--primary\" data-gb-overlay=\"gb-overlay-50261\" href=\"#booking\">Vereinbaren Sie Ihren kostenlosen Clarity Call<\/a>\n<\/div>\n<\/div>\n<\/div>\n\n\n\n<div class=\"gbp-section\" id=\"more\">\n<div class=\"gbp-section__inner gb-element-b5f44559\">\n<h2 class=\"gb-text gbp-section__headline\">Was sich \u00e4ndert, wenn Sie mit mir zusammenarbeiten<\/h2>\n\n\n\n<div class=\"gb-element-fba0a093\">\n<div class=\"gbp-card__shadow gbp-card\">\n<div class=\"gb-text gbp-feature__icon\">\ud83c\udfaf<\/div>\n\n\n\n<h3 class=\"gb-text gbp-card__title\">Eine klare Richtung<\/h3>\n\n\n\n<p class=\"gb-text gbp-text__margin-bottom-0 gb-text-2253c4d8\">H\u00f6ren Sie auf zu raten. Finden Sie heraus, was genau zu Ihnen passt - Ihre Werte, Ihre St\u00e4rken und die Rollen, die sie interessieren.<\/p>\n<\/div>\n\n\n\n<div class=\"gbp-card__shadow gbp-card\">\n<div class=\"gb-text gbp-feature__icon\">\ud83d\udccb<\/div>\n\n\n\n<h3 class=\"gb-text gbp-card__title\">Ein konkreter Entwicklungsplan<\/h3>\n\n\n\n<p class=\"gb-text gbp-text__margin-bottom-0 gb-text-a666d5e5\">Sie m\u00fcssen nicht mehr raten, welche F\u00e4higkeiten wichtig sind. Verlassen Sie jede Sitzung mit klaren, umsetzbaren n\u00e4chsten Schritten.<br><br><\/p>\n<\/div>\n\n\n\n<div class=\"gbp-card__shadow gbp-card\">\n<div class=\"gb-text gbp-feature__icon\">\ud83d\udcaa<\/div>\n\n\n\n<h3 class=\"gb-text gbp-card__title\"><strong>Steigendes Selbstvertrauen<\/strong><\/h3>\n\n\n\n<p class=\"gb-text gbp-text__margin-bottom-0 gb-text-5ce9eaeb\">F\u00fchren Sie mit Autorit\u00e4t und Authentizit\u00e4t: von Vorstandssitzungen \u00fcber schwierige Gespr\u00e4che bis hin zu allt\u00e4glichen Interaktionen.<\/p>\n<\/div>\n\n\n\n<div class=\"gbp-card__shadow gbp-card\">\n<div class=\"gb-text gbp-feature__icon\">\ud83d\ude80<\/div>\n\n\n\n<h3 class=\"gb-text gbp-card__title\">F\u00e4higkeiten um die Zukunft zu meistern<\/h3>\n\n\n\n<p class=\"gb-text gbp-text__margin-bottom-0 gb-text-3c3ac2d5\">Schlie\u00dfen Sie Ihre Kompetenzl\u00fccken, bleiben Sie den Ver\u00e4nderungen in der Branche einen Schritt voraus und positionieren Sie sich f\u00fcr die Zukunft.<br><\/p>\n<\/div>\n\n\n\n<div class=\"gbp-card__shadow gbp-card\">\n<div class=\"gb-text gbp-feature__icon\">\ud83e\uddd8<\/div>\n\n\n\n<h3 class=\"gb-text gbp-card__title\">Auch unter Druck Gelassen sein<\/h3>\n\n\n\n<p class=\"gb-text gbp-text__margin-bottom-0 gb-text-d9b6dca5\">Tausche Stress mitGelassenheit aus und bringe deine beste Leistung, auch wenn viel auf dem Spiel steht.&nbsp;<br>.<\/p>\n<\/div>\n\n\n\n<div class=\"gbp-card__shadow gbp-card\">\n<div class=\"gb-text gbp-feature__icon\">\ud83e\udd1d<\/div>\n\n\n\n<h3 class=\"gb-text gbp-card__title\">Internationales Verst\u00e4ndnis<\/h3>\n\n\n\n<p class=\"gb-text gbp-text__margin-bottom-0 gb-text-63b5546d\">Arbeiten Sie mit einem zweisprachigen Coach zusammen, der sich mit internationalen Karrieren und den besonderen Herausforderungen interkultureller Zusammenarbeit auskennt.<\/p>\n<\/div>\n<\/div>\n<\/div>\n<\/div>\n\n\n\n<div class=\"gbp-section gb-element-afc8308c\">\n<div class=\"gbp-section__inner gb-element-3998f3e0\">\n<h2 class=\"gb-text gbp-section__headline gb-text-e6175213\">\u00dcber 150 zufriedene KundInnen. Ein bew\u00e4hrter Ansatz<\/h2>\n\n\n\n<h2 class=\"gb-text gbp-section__headline gb-text-3b1fee28\">One Proven Approach.<\/h2>\n\n\n\n<div class=\"gb-element-02d464bc\">\n<img loading=\"lazy\" decoding=\"async\" width=\"1200\" height=\"1600\" class=\"gb-media-3930b40a\" alt=\"\" title=\"IMG_3054\" src=\"https:\/\/niv-now.com\/wp-content\/uploads\/IMG_3054.jpeg\" srcset=\"https:\/\/niv-now.com\/wp-content\/uploads\/IMG_3054.jpeg 1200w, https:\/\/niv-now.com\/wp-content\/uploads\/IMG_3054-768x1024.jpeg 768w, https:\/\/niv-now.com\/wp-content\/uploads\/IMG_3054-1152x1536.jpeg 1152w\" sizes=\"auto, (max-width: 1200px) 100vw, 1200px\" \/>\n\n\n\n<div class=\"gb-element-dad96c00\">\n<p class=\"gb-text gbp-section__tagline\">about me<\/p>\n\n\n\n<p class=\"gb-text gbp-section__text\">Hallo, ich bin Niv<br>I&#8217;ve helped 150+ leaders and professionals navigate&nbsp;<br>career transitions, leadership challenges, and&nbsp;<br>high-pressure environments across Germany and&nbsp;<br>internationally.<br><br><\/p>\n<\/div>\n<\/div>\n\n\n\n<div class=\"gb-element-6f0e3e69\">\n<div class=\"gbp-card gb-element-38264fde\">\n<p class=\"gb-text gbp-feature__icon\">\ud83d\udd0d<\/p>\n\n\n\n<p class=\"gb-text gbp-card__meta-text\">360\u00b0 Perspektive <\/p>\n\n\n\n<p class=\"gb-text\">We look beyond your current role: At your <br>leadershipstyle, team dynamics, and long-term career goals.<\/p>\n<\/div>\n\n\n\n<div class=\"gbp-card gb-element-4978c97e\">\n<p class=\"gb-text gbp-feature__icon\">\ud83d\udc99<\/p>\n\n\n\n<p class=\"gb-text gbp-card__meta-text\">Echte Empathie<\/p>\n\n\n\n<p class=\"gb-text\">You&#8217;ll feel heard and understood from session one. A safe space to think out loud, no judgment.<br><br><\/p>\n<\/div>\n\n\n\n<div class=\"gbp-card gb-element-de32cf4c\">\n<p class=\"gb-text gbp-feature__icon\">\ud83d\udccb<\/p>\n\n\n\n<p class=\"gb-text gbp-card__meta-text\">Klare Struktur<\/p>\n\n\n\n<p class=\"gb-text\">Clear steps and concrete outcomes ensure real progress.<\/p>\n<\/div>\n\n\n\n<div class=\"gbp-card gb-element-01ba43c5\">\n<p class=\"gb-text gbp-feature__icon\">\ud83c\udf0d<\/p>\n\n\n\n<p class=\"gb-text gbp-card__meta-text\">Globale Perspektive<\/p>\n\n\n\n<p class=\"gb-text\">Coaching in English or German, with deep knowledge of&nbsp;<br>the German and European leadership landscape.<\/p>\n<\/div>\n<\/div>\n<\/div>\n<\/div>\n\n\n\n<div class=\"gbp-section gb-element-eea32470\">\n<div class=\"gbp-section__inner\">\n<h2 class=\"gb-text gbp-section__headline gb-text-f2a91ad4\">Ready to Lead With Confidence?<\/h2>\n\n\n\n<div class=\"gb-element-5f0e166\">\n<div class=\"gb-element-27cfc47\">\n<p class=\"gb-text gb-text-417b348\">1<\/p>\n\n\n\n<p class=\"gb-text gbp-card__meta-text\">Kostenfreier Clarity Call (15-30 min)<\/p>\n\n\n\n<p class=\"gb-text\">Wir sprechen \u00fcber Ihre Situation, Ihre Ziele und Herausforderungen und ermitteln gemeinsam Ihre Werte und St\u00e4rken \u2013 ganz unverbindlich, nur um Klarheit zu gewinnen.<\/p>\n<\/div>\n\n\n\n<div class=\"gb-element-13085311\">\n<p class=\"gb-text gb-text-08110c12\">2<\/p>\n\n\n\n<p class=\"gb-text gbp-card__meta-text\">Coaching Sessions <\/p>\n\n\n\n<p class=\"gb-text gbp-card-feature\">Strukturierte, zielgerichtete Sitzungen mit klaren Ergebnissen. Jede Sitzung bringt Sie weiter.<\/p>\n<\/div>\n\n\n\n<div class=\"gb-element-afbc2e15\">\n<p class=\"gb-text gb-text-9d270716\">3<\/p>\n\n\n\n<p class=\"gb-text gbp-card__meta-text\">Ergebnisse &amp; Ihr n\u00e4chstes Kapitel <\/p>\n\n\n\n<p class=\"gb-text gbp-card-feature\">Sie gehen mit Klarheit, Selbstvertrauen und einem konkreten Plan - bereit f\u00fcr den n\u00e4chsten Schritt.<\/p>\n<\/div>\n<\/div>\n\n\n\n<div class=\"gb-element-4f5980ee\">\n<a class=\"gb-text gbp-button--primary\" data-gb-overlay=\"gb-overlay-50261\" href=\"#booking\">Vereinbaren Sie Ihren kostenlosen Clarity Call<\/a>\n<\/div>\n<\/div>\n<\/div>\n\n\n\n<div class=\"gbp-section\">\n<div class=\"gbp-section__inner\">\n<h2 class=\"gb-text gbp-section__headline gb-text-d5a7c725\">Echte Ergebnisse von echten Menschen<\/h2>\n\n\n\n<div class=\"gb-element-c4ed5afd\">\n<div class=\"gbp-card gbp-card__shadow gb-element-6583e359\">\n<div class=\"gb-element-ed630c0a\">\n<img loading=\"lazy\" decoding=\"async\" width=\"800\" height=\"800\" class=\"gb-media-1cf69ee3\" alt=\"\" title=\"Thomas Pry\" src=\"https:\/\/niv-now.com\/wp-content\/uploads\/Thomas-Pry.jpeg\" srcset=\"https:\/\/niv-now.com\/wp-content\/uploads\/Thomas-Pry.jpeg 800w, https:\/\/niv-now.com\/wp-content\/uploads\/Thomas-Pry-768x768.jpeg 768w\" sizes=\"auto, (max-width: 800px) 100vw, 800px\" \/>\n\n\n\n<p class=\"gb-text gbp-card__meta-text gb-text-4f41acbb\">Thomas Pry, Managing Director | Belonio<\/p>\n<\/div>\n\n\n\n<p class=\"gb-text\">Niv hat uns und unseren Kunden w\u00e4hrend einer meHRwert-Konferenz (Webinar-Reihe von Belonio) geholfen, die Ver\u00e4nderungen in der Arbeitswelt besser zu verstehen. Sein fachkundiger Vortrag \u00fcber Motivation und F\u00fchrung sowie New Work und Organisationsentwicklung erhielt einige der h\u00f6chsten Bewertungen in unserem NPS-Ergebnis. Dar\u00fcber hinaus erntete Niv dank seiner freundlichen und bodenst\u00e4ndigen Art viel Anerkennung. Wir werden sicherlich weiterhin mit ihm zusammenarbeiten, und ich empfehle ihn sehr gerne als Coach und Redner weiter.\u201c<\/p>\n<\/div>\n\n\n\n<div class=\"gbp-card gbp-card__shadow gb-element-7924039b\">\n<div class=\"gb-element-a7d5d612\">\n<img loading=\"lazy\" decoding=\"async\" width=\"500\" height=\"500\" class=\"gb-media-fb681dc7\" alt=\"\" title=\"Valentina Bianchini\" src=\"https:\/\/niv-now.com\/wp-content\/uploads\/Valentina-Bianchini.jpeg\"\/>\n\n\n\n<p class=\"gb-text gbp-card__meta-text gb-text-97ee78ba\">Valentina Bianchini, Community Psychologist<\/p>\n<\/div>\n\n\n\n<p class=\"gb-text\">&#8220;<em><em>Niv hat mir dabei geholfen, herauszufinden, worauf ich bei der Wahl meiner beruflichen Richtung besonders achten sollte und welche Schritte ich unternehmen kann, um herauszufinden, wohin mich mein Weg f\u00fchren soll. Ich habe ihn als unterst\u00fctzend, offen, enthusiastisch und professionell erlebt. Die Werkzeuge, die er mir an die Hand gegeben hat, waren wirklich inspirierend und hilfreich, um ein Gef\u00fchl daf\u00fcr zu bekommen, wie meine n\u00e4chsten Schritte aussehen k\u00f6nnten. Ich w\u00fcrde ihn auf jeden Fall weiterempfehlen, wenn du, so wie ich, gerade dabei bist, deine berufliche Richtung zu finden.<\/em><\/em>&#8220;<\/p>\n<\/div>\n\n\n\n<div class=\"gbp-card gbp-card__shadow gb-element-82e159ae\">\n<div class=\"gb-element-af9cfc9d\">\n<img loading=\"lazy\" decoding=\"async\" width=\"400\" height=\"400\" class=\"gb-media-d99422ed\" alt=\"\" title=\"Johannes_Schmidt_400x400px\" src=\"https:\/\/niv-now.com\/wp-content\/uploads\/Johannes_Schmidt_400x400px.png\"\/>\n\n\n\n<p class=\"gb-text gbp-card__meta-text gb-text-eea0458d\">Johannes Schmidt, Chief Business Builder &amp; Partner | EXXETA AG<\/p>\n<\/div>\n\n\n\n<p class=\"gb-text\"><em>Niv hat in unserem Berliner Office einen transformativen F\u00fchrungsentwicklungsprozess begleitet. Er hat unsere Berater wirklich dabei unterst\u00fctzt, ihre F\u00fchrungsqualit\u00e4ten zu verbessern. Am Ende des Programms verf\u00fcgten sie \u00fcber mehr Klarheit und Selbstvertrauen sowie \u00fcber die Motivation und die F\u00e4higkeiten, die erforderlich sind, um ihre Teams effektiv zu f\u00fchren. Ich kann Niv als inspirierenden und \u00e4u\u00dferst kompetenten F\u00fchrungs- und Karrierecoach w\u00e4rmstens empfehlen.<br><br><\/em><\/p>\n<\/div>\n<\/div>\n<\/div>\n<\/div>\n\n\n\n<div class=\"gbp-section gb-element-5425d82\">\n<div class=\"gbp-section__inner gb-element-e1c0718\">\n<h2 class=\"gb-text gbp-section__headline gb-text-72d9b89\">Ready to lead better?<\/h2>\n\n\n\n<p class=\"gb-text gbp-section__text gb-text-f509cb6f\">Your next chapter starts with one conversation. No commitment, no pressure, just clarity.<\/p>\n\n\n\n<p class=\"gb-text gb-text-e1695da5\">\u2713 15\u201330 Minuten, ganz unverbindlich<\/p>\n\n\n\n<p class=\"gb-text gb-text-e6845dba\">\u2713 Sofort mehr Klarheit<\/p>\n\n\n\n<p class=\"gb-text gb-text-6adcf77d\">\u2713 Sie nehmen konkrete n\u00e4chste Schritte mit<\/p>\n\n\n\n<div class=\"gb-element-9c48ce30\">\n<a class=\"gb-text gbp-button--primary\" data-gb-overlay=\"gb-overlay-50261\" href=\"#booking\">Book your free Clarity Call<\/a>\n<\/div>\n<\/div>\n<\/div>\n\n\n\n<div class=\"gbp-section\" id=\"booking\"><div class=\"fcal_cal_wrap fcal-light-mode\">\n    <div class=\"fluent_booking_app\" data-calendar_id=\"2\"\n         data-event_id=\"2\"><\/div>\n    <\/div>\n\n<style>\n    .fcal_phone_wrapper .flag {\n        background: url(https:\/\/niv-now.com\/wp-content\/plugins\/fluent-booking\/assets\/images\/flags_responsive.png) no-repeat;\n        background-size: 100%;\n    }\n<\/style>\n\n<\/div>","protected":false},"excerpt":{"rendered":"<p>Business &amp; Leadership Coaching in Berlin and Remote: From Overwhelmed to Future-Ready Whether you&#8217;re navigating mounting pressure in your current role, unsure how to upskill, or planning your next career move\u2014you don&#8217;t have to figure it out alone. Get a clear roadmap, sharpen your leadership skills, and build a career that keeps you ahead. Book &#8230; <a title=\"Business Coaching 26\" class=\"read-more\" href=\"https:\/\/niv-now.com\/de\/business-coaching-berlin\/\" aria-label=\"Mehr Informationen \u00fcber Business Coaching 26\">Weiterlesen<\/a><\/p>","protected":false},"author":3,"featured_media":0,"parent":0,"menu_order":5,"comment_status":"closed","ping_status":"closed","template":"","meta":{"slim_seo":{"title":"Business & Leadership Coach Berlin | Niv Now","description":"Overwhelmed as a Leader? Business Coaching in Berlin f\u00fcr F\u00fchrungskr\u00e4fte, die klarer denken und besser f\u00fchren wollen. Bilingual DE\/EN. Jetzt Clarity Call buchen."},"iawp_total_views":25,"footnotes":""},"pagecat":[39],"class_list":{"0":"post-51187","1":"page","2":"type-page","3":"status-publish","5":"pagecat-newsletter-above-footer"},"meta_box":[],"_links":{"self":[{"href":"https:\/\/niv-now.com\/de\/wp-json\/wp\/v2\/pages\/51187","targetHints":{"allow":["GET"]}}],"collection":[{"href":"https:\/\/niv-now.com\/de\/wp-json\/wp\/v2\/pages"}],"about":[{"href":"https:\/\/niv-now.com\/de\/wp-json\/wp\/v2\/types\/page"}],"author":[{"embeddable":true,"href":"https:\/\/niv-now.com\/de\/wp-json\/wp\/v2\/users\/3"}],"replies":[{"embeddable":true,"href":"https:\/\/niv-now.com\/de\/wp-json\/wp\/v2\/comments?post=51187"}],"version-history":[{"count":18,"href":"https:\/\/niv-now.com\/de\/wp-json\/wp\/v2\/pages\/51187\/revisions"}],"predecessor-version":[{"id":51964,"href":"https:\/\/niv-now.com\/de\/wp-json\/wp\/v2\/pages\/51187\/revisions\/51964"}],"wp:attachment":[{"href":"https:\/\/niv-now.com\/de\/wp-json\/wp\/v2\/media?parent=51187"}],"wp:term":[{"taxonomy":"pagecat","embeddable":true,"href":"https:\/\/niv-now.com\/de\/wp-json\/wp\/v2\/pagecat?post=51187"}],"curies":[{"name":"wp","href":"https:\/\/api.w.org\/{rel}","templated":true}]}}