{"id":50522,"date":"2026-02-12T17:57:29","date_gmt":"2026-02-12T16:57:29","guid":{"rendered":"https:\/\/dev.niv-now.de\/?page_id=50522"},"modified":"2026-04-24T13:16:29","modified_gmt":"2026-04-24T11:16:29","slug":"feeling-stuck-in-your-career","status":"publish","type":"page","link":"https:\/\/niv-now.com\/de\/feeling-stuck-in-your-career\/","title":{"rendered":"Career Coach Berlin | Get Unstuck &#038; Change Direction"},"content":{"rendered":"<div class=\"gbp-section gb-element-33cad483\">\n<div class=\"gbp-section__inner gb-element-bda96e97\">\n<h1 class=\"gb-text gbp-section__headline gb-text-fc927ce2\">Karrierecoaching in Berlin und Online: Von der beruflichen Orientierungslosigkeit zu einer klaren Richtung<\/h1>\n\n\n\n<p class=\"gb-text gbp-section__text gb-text-c0246494\"> Ganz gleich, ob Sie entlassen wurden, versetzt wurden oder im Zuge einer Umstrukturierung Ihren Arbeitsplatz verloren haben \u2013 Sie m\u00fcssen diese Situation nicht alleine bew\u00e4ltigen. Holen Sie sich einen klaren Fahrplan, gewinnen Sie Ihr Selbstvertrauen zur\u00fcck und finden Sie einen Beruf, der wirklich zu Ihnen passt.<\/p>\n\n\n\n<div class=\"gb-element-efc4363b\">\n<a class=\"gb-text gbp-button--primary\" data-gb-overlay=\"gb-overlay-50261\">Vereinbaren Sie Ihren kostenlosen Clarity Call<\/a>\n<\/div>\n<\/div>\n<\/div>\n\n\n\n<div class=\"gbp-section\" id=\"more\">\n<div class=\"gbp-section__inner gb-element-e8d4d7b9\">\n<h2 class=\"gb-text gbp-section__headline\">Wenn Sie eines dieser Probleme haben, sind Sie hier genau richtig<\/h2>\n\n\n\n<div class=\"gb-element-7fda64f2\">\n<div class=\"gbp-card__shadow gbp-card\">\n<h3 class=\"gb-text gbp-card__title\">Von Unsicherheit \u00fcberw\u00e4ltigt<\/h3>\n\n\n\n<p class=\"gb-text gbp-features__text\">Nach einer Entlassung oder Umstrukturierung stehen Sie vor zu vielen Optionen \u2013 oder gar keiner. Der Weg in die Zukunft ist unklar.<\/p>\n<\/div>\n\n\n\n<div class=\"gbp-card__shadow gbp-card\">\n<h3 class=\"gb-text gbp-card__title\">Sich festgefahren f\u00fchlen<\/h3>\n\n\n\n<p class=\"gb-text gbp-features__text\">Sie wissen, dass sich etwas \u00e4ndern muss, aber Sie wissen nicht, was oder wie. Jeder Tag f\u00fchlt sich an, als w\u00fcrden Sie auf der Stelle treten.<\/p>\n<\/div>\n\n\n\n<div class=\"gbp-card__shadow gbp-card gb-element-91ddcf5c\">\n<h3 class=\"gb-text gbp-card__title\">Angst, die falsche Entscheidung zu treffen<\/h3>\n\n\n\n<p class=\"gb-text gbp-features__text\">Sie sind gel\u00e4hmt von der Angst, den falschen Weg einzuschlagen und noch mehr Zeit zu verschwenden.<\/p>\n<\/div>\n\n\n\n<div class=\"gbp-card__shadow gbp-card gb-element-aae79e63\">\n<h3 class=\"gb-text gbp-card__title\">Keine klare Strategie<\/h3>\n\n\n\n<p class=\"gb-text gbp-features__text\">Ihnen fehlt ein strukturierter Plan. Sie reagieren, anstatt Ihre Zukunft proaktiv zu gestalten. <\/p>\n<\/div>\n\n\n\n<div class=\"gbp-card__shadow gbp-card gb-element-fe2efe01\">\n<h3 class=\"gb-text gbp-card__title\">Verlust des Selbstvertrauens<\/h3>\n\n\n\n<p class=\"gb-text gbp-features__text\">Ablehnung, Ver\u00e4nderungen oder R\u00fcckschl\u00e4ge haben Ihr Selbstvertrauen ersch\u00fcttert. Sie zweifeln an Ihren F\u00e4higkeiten und Ihrem Wert.<\/p>\n<\/div>\n\n\n\n<div class=\"gbp-card__shadow gbp-card gb-element-0c604da0\">\n<h3 class=\"gb-text gbp-card__title\">Isolation und Stress<\/h3>\n\n\n\n<p class=\"gb-text gbp-features__text\">Sie m\u00fcssen das alles alleine bew\u00e4ltigen  was nach einem Umzug oder in einem neuen Land besonders schwierig ist. Der Druck w\u00e4chst.<\/p>\n<\/div>\n<\/div>\n<\/div>\n<\/div>\n\n\n\n<div class=\"gbp-section gb-element-ea28fe50\">\n<div class=\"gbp-section__inner\">\n<div class=\"gb-element-3a19995a\">\n<h2 class=\"gb-text gbp-section__headline\">Was passiert, wenn sich nichts \u00e4ndert?<\/h2>\n\n\n\n<p class=\"gb-text\">Ohne einen klaren Plan bleibt die berufliche Unsicherheit nicht nur bestehen - sie versch\u00e4rft sich sogar. Aus Tagen werden Wochen, aus Wochen Monate. Es wird immer schwieriger, wieder an Schwung zu gewinnen.<\/p>\n\n\n\n<p>Sie laufen Gefahr, Angebote aus Verzweiflung anzunehmen, statt weil sie zu Ihnen passen. Ihr Selbstvertrauen schwindet. Stress und Burnout beginnen, Ihre Beziehungen, Ihre Gesundheit und Ihr Selbstwertgef\u00fchl zu beeintr\u00e4chtigen.<\/p>\n\n\n\n<p class=\"gb-text gbp-section__text\"><strong>Aber das muss nicht so sein.<\/strong> th<strong>is way.<\/strong><\/p>\n<\/div>\n\n\n\n<div class=\"gb-element-65971c5d\">\n<div class=\"gbp-card\">\n<h2 class=\"gb-text\">6-12<\/h2>\n\n\n\n<p class=\"gb-text gbp-text__margin-bottom-0\">Durchschnittliche Zeit, die Fachkr\u00e4fte ohne Beratung in einer Sackgasse feststecken <\/p>\n\n\n\n<p class=\"gb-text gbp-text__margin-bottom-0\">Source: LinkedIn Workforce Report<\/p>\n<\/div>\n\n\n\n<div class=\"gbp-card\">\n<h2 class=\"gb-text\">70%<\/h2>\n\n\n\n<p class=\"gb-text gbp-text__margin-bottom-0 translation-block\">Erleben erh\u00f6hten Stress w\u00e4hrend beruflicher Unsicherheit<\/p>\n<\/div>\n\n\n\n<div class=\"gbp-card\">\n<h2 class=\"gb-text\">85%<\/h2>\n\n\n\n<p class=\"gb-text gbp-text__margin-bottom-0\">W\u00fcnschen sich, sie h\u00e4tten fr\u00fcher professionelle Hilfe in Anspruch genommen <\/p>\n\n\n\n<p>Source: Harvard Business Review<\/p>\n<\/div>\n<\/div>\n<\/div>\n<\/div>\n\n\n\n<div class=\"gbp-section gb-element-f99b9835\">\n<div class=\"gbp-section__inner gb-element-b6a0835a\">\n<div>\n<h2 class=\"gb-text gbp-section__headline gb-text-ae5326e4\">Wie Karrierecoaching in Berlin oder Remote Ihnen hilft, aus der Sackgasse herauszukommen<\/h2>\n\n\n\n<p class=\"gb-text gbp-section__text gb-text-77f28a45\">Gemeinsam bringen wir Klarheit in die Situation, finden heraus, was wirklich zu Ihnen passt, und erstellen einen konkreten Plan, um dieses Ziel zu erreichen \u2013 in wenigen Wochen statt in Monaten.* Oder wo auch immer. <\/p>\n\n\n\n<img loading=\"lazy\" decoding=\"async\" width=\"1000\" height=\"700\" class=\"gb-media-bbfbcc48\" alt=\"\" title=\"Coaching-factory-Berlin-Niv-Now\" src=\"https:\/\/niv-now.com\/wp-content\/uploads\/Coaching-factory-Berlin-Niv-Now.png\" srcset=\"https:\/\/niv-now.com\/wp-content\/uploads\/Coaching-factory-Berlin-Niv-Now.png 1000w, https:\/\/niv-now.com\/wp-content\/uploads\/Coaching-factory-Berlin-Niv-Now-768x538.png 768w\" sizes=\"auto, (max-width: 1000px) 100vw, 1000px\" \/>\n\n\n\n<div class=\"gb-element-4593140f\">\n<p class=\"gb-text gb-text-91bd95b6\">\u2713 15\u201330 Minuten, ganz unverbindlich<\/p>\n\n\n\n<p class=\"gb-text gb-text-35df24bc\"> \u2713 Sofort mehr Klarheit <\/p>\n\n\n\n<p class=\"gb-text\">\u2713 Sie nehmen konkrete n\u00e4chste Schritte mit<\/p>\n<\/div>\n\n\n\n<a class=\"gb-text gbp-button--primary\" data-gb-overlay=\"gb-overlay-50261\">Vereinbaren Sie Ihren kostenlosen Clarity Call<\/a>\n<\/div>\n<\/div>\n<\/div>\n\n\n\n<div class=\"gbp-section\" id=\"more\">\n<div class=\"gbp-section__inner gb-element-b5f44559\">\n<h2 class=\"gb-text gbp-section__headline\">What Changes When You Work With Me<\/h2>\n\n\n\n<div class=\"gb-element-fba0a093\">\n<div class=\"gbp-card__shadow gbp-card\">\n<div class=\"gb-text gbp-feature__icon\">\ud83c\udfaf<\/div>\n\n\n\n<h3 class=\"gb-text gbp-card__title\">Crystal Clear Direction<\/h3>\n\n\n\n<p class=\"gb-text gbp-text__margin-bottom-0 gb-text-2253c4d8\">Stop guessing. Know exactly what fits you\u2014your values, strengths, and the roles worth pursuing.<\/p>\n<\/div>\n\n\n\n<div class=\"gbp-card__shadow gbp-card\">\n<div class=\"gb-text gbp-feature__icon\">\ud83d\udccb<\/div>\n\n\n\n<h3 class=\"gb-text gbp-card__title\">A Concrete Action Plan<\/h3>\n\n\n\n<p class=\"gb-text gbp-text__margin-bottom-0 gb-text-a666d5e5\">No more paralysis. Leave every session with clear, realistic next steps you can execute immediately.<\/p>\n<\/div>\n\n\n\n<div class=\"gbp-card__shadow gbp-card\">\n<div class=\"gb-text gbp-feature__icon\">\ud83d\udcaa<\/div>\n\n\n\n<h3 class=\"gb-text gbp-card__title\"><strong>Confidence That Grows With You<\/strong><\/h3>\n\n\n\n<p class=\"gb-text gbp-text__margin-bottom-0 gb-text-5ce9eaeb\">Rebuild your self-belief step by step and learn to communicate your value clearly\u2014in interviews, negotiations, and beyond.<\/p>\n<\/div>\n\n\n\n<div class=\"gbp-card__shadow gbp-card\">\n<div class=\"gb-text gbp-feature__icon\">\ud83d\ude80<\/div>\n\n\n\n<h3 class=\"gb-text gbp-card__title\"> Measurable Progress<\/h3>\n\n\n\n<p class=\"gb-text gbp-text__margin-bottom-0 gb-text-3c3ac2d5\">Land a new role, make a successful transition, or transform your current situation\u2014with results you can see and feel.<\/p>\n<\/div>\n\n\n\n<div class=\"gbp-card__shadow gbp-card\">\n<div class=\"gb-text gbp-feature__icon\">\ud83e\uddd8<\/div>\n\n\n\n<h3 class=\"gb-text gbp-card__title\">Calm Under Pressure<\/h3>\n\n\n\n<p class=\"gb-text gbp-text__margin-bottom-0 gb-text-d9b6dca5\">Replace anxiety with groundedness. Feel in control even when the path ahead is uncertain.<\/p>\n<\/div>\n\n\n\n<div class=\"gbp-card__shadow gbp-card\">\n<div class=\"gb-text gbp-feature__icon\">\ud83e\udd1d<\/div>\n\n\n\n<h3 class=\"gb-text gbp-card__title\">An Edge in International Markets<\/h3>\n\n\n\n<p class=\"gb-text gbp-text__margin-bottom-0 gb-text-63b5546d\">Work with a bilingual coach who understands international careers and the unique challenges of working across cultures.<\/p>\n<\/div>\n<\/div>\n<\/div>\n<\/div>\n\n\n\n<div class=\"gbp-section gb-element-afc8308c\">\n<div class=\"gbp-section__inner gb-element-3998f3e0\">\n<h2 class=\"gb-text gbp-section__headline gb-text-e6175213\">\u00dcber 150 zufriedene KundInnen. Ein bew\u00e4hrter Ansatz<\/h2>\n\n\n\n<h2 class=\"gb-text gbp-section__headline gb-text-3b1fee28\">One Proven Approach.<\/h2>\n\n\n\n<div class=\"gb-element-02d464bc\">\n<img loading=\"lazy\" decoding=\"async\" width=\"1200\" height=\"1600\" class=\"gb-media-3930b40a\" alt=\"\" title=\"IMG_3054\" src=\"https:\/\/niv-now.com\/wp-content\/uploads\/IMG_3054.jpeg\" srcset=\"https:\/\/niv-now.com\/wp-content\/uploads\/IMG_3054.jpeg 1200w, https:\/\/niv-now.com\/wp-content\/uploads\/IMG_3054-768x1024.jpeg 768w, https:\/\/niv-now.com\/wp-content\/uploads\/IMG_3054-1152x1536.jpeg 1152w\" sizes=\"auto, (max-width: 1200px) 100vw, 1200px\" \/>\n\n\n\n<div class=\"gb-element-dad96c00\">\n<p class=\"gb-text gbp-section__tagline\">about me<\/p>\n\n\n\n<p class=\"gb-text gbp-section__text\">Hallo, ich bin Niv<br>Ich habe bereits \u00fcber 150 Fachkr\u00e4ften in ganz Deutschland und international dabei geholfen, berufliche Ver\u00e4nderungen zu meistern - z.B. nach Entlassungen, Umz\u00fcgen und Umstrukturierungen.<\/p>\n<\/div>\n<\/div>\n\n\n\n<div class=\"gb-element-6f0e3e69\">\n<div class=\"gbp-card gb-element-38264fde\">\n<p class=\"gb-text gbp-feature__icon\">\ud83d\udd0d<\/p>\n\n\n\n<p class=\"gb-text gbp-card__meta-text\">360\u00b0 Perspektive <\/p>\n\n\n\n<p class=\"gb-text\">Wir schauen uns mehr an, als deinen Lebenslauf.  Wir betrachten deine Werte, deine Lebenssituation und deine langfristigen Ziele.<\/p>\n<\/div>\n\n\n\n<div class=\"gbp-card gb-element-4978c97e\">\n<p class=\"gb-text gbp-feature__icon\">\ud83d\udc99<\/p>\n\n\n\n<p class=\"gb-text gbp-card__meta-text\">Echte Empathie<\/p>\n\n\n\n<p class=\"gb-text\">Sie werden sich von der ersten Sitzung an geh\u00f6rt und verstanden f\u00fchlen. Keine Vorurteile, keine pauschalen Ratschl\u00e4ge.<\/p>\n<\/div>\n\n\n\n<div class=\"gbp-card gb-element-de32cf4c\">\n<p class=\"gb-text gbp-feature__icon\">\ud83d\udccb<\/p>\n\n\n\n<p class=\"gb-text gbp-card__meta-text\">Klare Struktur<\/p>\n\n\n\n<p class=\"gb-text\">Clear steps and concrete outcomes ensure real progress.<\/p>\n<\/div>\n\n\n\n<div class=\"gbp-card gb-element-01ba43c5\">\n<p class=\"gb-text gbp-feature__icon\">\ud83c\udf0d<\/p>\n\n\n\n<p class=\"gb-text gbp-card__meta-text\">Globale Perspektive<\/p>\n\n\n\n<p class=\"gb-text\">Coaching auf Englisch oder Deutsch, mit fundierten Kenntnissen des deutschen Arbeitsmarktes und internationaler Karrierewege.<\/p>\n<\/div>\n<\/div>\n<\/div>\n<\/div>\n\n\n\n<div class=\"gbp-section gb-element-eea32470\">\n<div class=\"gbp-section__inner\">\n<h2 class=\"gb-text gbp-section__headline gb-text-f2a91ad4\">Was Sie erwarten k\u00f6nnen, wenn Sie mit mir zusammenarbeiten<\/h2>\n\n\n\n<div class=\"gb-element-5f0e166\">\n<div class=\"gb-element-27cfc47\">\n<p class=\"gb-text gb-text-417b348\">1<\/p>\n\n\n\n<p class=\"gb-text gbp-card__meta-text\">Kostenfreier Clarity Call (15-30 min)<\/p>\n\n\n\n<p class=\"gb-text\">Wir sprechen \u00fcber Ihre Situation, Ihre Ziele und Herausforderungen und ermitteln gemeinsam Ihre Werte und St\u00e4rken \u2013 ganz unverbindlich, nur um Klarheit zu gewinnen.<\/p>\n<\/div>\n\n\n\n<div class=\"gb-element-13085311\">\n<p class=\"gb-text gb-text-08110c12\">2<\/p>\n\n\n\n<p class=\"gb-text gbp-card__meta-text\">Coaching Sessions <\/p>\n\n\n\n<p class=\"gb-text gbp-card-feature\">Strukturierte, zielgerichtete Sitzungen mit klaren Ergebnissen. Jede Sitzung bringt Sie weiter.<\/p>\n<\/div>\n\n\n\n<div class=\"gb-element-afbc2e15\">\n<p class=\"gb-text gb-text-9d270716\">3<\/p>\n\n\n\n<p class=\"gb-text gbp-card__meta-text\">Ergebnisse &amp; Ihr n\u00e4chstes Kapitel <\/p>\n\n\n\n<p class=\"gb-text gbp-card-feature\">Sie gehen mit Klarheit, Selbstvertrauen und einem konkreten Plan - bereit f\u00fcr den n\u00e4chsten Schritt.<\/p>\n<\/div>\n<\/div>\n\n\n\n<div class=\"gb-element-4f5980ee\">\n<a class=\"gb-text gbp-button--primary\" data-gb-overlay=\"gb-overlay-50261\">Vereinbaren Sie Ihren kostenlosen Clarity Call<\/a>\n<\/div>\n<\/div>\n<\/div>\n\n\n\n<div class=\"gbp-section\">\n<div class=\"gbp-section__inner\">\n<h2 class=\"gb-text gbp-section__headline gb-text-d5a7c725\">Echte Ergebnisse von echten Menschen<\/h2>\n\n\n\n<div class=\"gb-element-c4ed5afd\">\n<div class=\"gbp-card gbp-card__shadow gb-element-6583e359\">\n<div class=\"gb-element-ed630c0a\">\n<img loading=\"lazy\" decoding=\"async\" width=\"800\" height=\"800\" class=\"gb-media-1cf69ee3\" alt=\"\" title=\"Thomas Pry\" src=\"https:\/\/niv-now.com\/wp-content\/uploads\/Thomas-Pry.jpeg\" srcset=\"https:\/\/niv-now.com\/wp-content\/uploads\/Thomas-Pry.jpeg 800w, https:\/\/niv-now.com\/wp-content\/uploads\/Thomas-Pry-768x768.jpeg 768w\" sizes=\"auto, (max-width: 800px) 100vw, 800px\" \/>\n\n\n\n<p class=\"gb-text gbp-card__meta-text gb-text-4f41acbb\">Thomas Pry, Managing Director | Belonio<\/p>\n<\/div>\n\n\n\n<p class=\"gb-text\">Niv hat uns und unseren Kunden w\u00e4hrend einer meHRwert-Konferenz (Webinar-Reihe von Belonio) geholfen, die Ver\u00e4nderungen in der Arbeitswelt besser zu verstehen. Sein fachkundiger Vortrag \u00fcber Motivation und F\u00fchrung sowie New Work und Organisationsentwicklung erhielt einige der h\u00f6chsten Bewertungen in unserem NPS-Ergebnis. Dar\u00fcber hinaus erntete Niv dank seiner freundlichen und bodenst\u00e4ndigen Art viel Anerkennung. Wir werden sicherlich weiterhin mit ihm zusammenarbeiten, und ich empfehle ihn sehr gerne als Coach und Redner weiter.\u201c<\/p>\n<\/div>\n\n\n\n<div class=\"gbp-card gbp-card__shadow gb-element-7924039b\">\n<div class=\"gb-element-a7d5d612\">\n<img loading=\"lazy\" decoding=\"async\" width=\"500\" height=\"500\" class=\"gb-media-fb681dc7\" alt=\"\" title=\"Valentina Bianchini\" src=\"https:\/\/niv-now.com\/wp-content\/uploads\/Valentina-Bianchini.jpeg\"\/>\n\n\n\n<p class=\"gb-text gbp-card__meta-text gb-text-97ee78ba\">Valentina Bianchini, Community Psychologist<\/p>\n<\/div>\n\n\n\n<p class=\"gb-text\">&#8220;<em><em>Niv hat mir dabei geholfen, herauszufinden, worauf ich bei der Wahl meiner beruflichen Richtung besonders achten sollte und welche Schritte ich unternehmen kann, um herauszufinden, wohin mich mein Weg f\u00fchren soll. Ich habe ihn als unterst\u00fctzend, offen, enthusiastisch und professionell erlebt. Die Werkzeuge, die er mir an die Hand gegeben hat, waren wirklich inspirierend und hilfreich, um ein Gef\u00fchl daf\u00fcr zu bekommen, wie meine n\u00e4chsten Schritte aussehen k\u00f6nnten. Ich w\u00fcrde ihn auf jeden Fall weiterempfehlen, wenn du, so wie ich, gerade dabei bist, deine berufliche Richtung zu finden.<\/em><\/em>&#8220;<\/p>\n<\/div>\n\n\n\n<div class=\"gbp-card gbp-card__shadow gb-element-82e159ae\">\n<div class=\"gb-element-af9cfc9d\">\n<img loading=\"lazy\" decoding=\"async\" width=\"400\" height=\"400\" class=\"gb-media-d99422ed\" alt=\"\" title=\"Johannes_Schmidt_400x400px\" src=\"https:\/\/niv-now.com\/wp-content\/uploads\/Johannes_Schmidt_400x400px.png\"\/>\n\n\n\n<p class=\"gb-text gbp-card__meta-text gb-text-eea0458d\">Johannes Schmidt, Chief Business Builder &amp; Partner | EXXETA AG<\/p>\n<\/div>\n\n\n\n<p class=\"gb-text\"><em>Niv hat in unserem Berliner Office einen transformativen F\u00fchrungsentwicklungsprozess begleitet. Er hat unsere Berater wirklich dabei unterst\u00fctzt, ihre F\u00fchrungsqualit\u00e4ten zu verbessern. Am Ende des Programms verf\u00fcgten sie \u00fcber mehr Klarheit und Selbstvertrauen sowie \u00fcber die Motivation und die F\u00e4higkeiten, die erforderlich sind, um ihre Teams effektiv zu f\u00fchren. Ich kann Niv als inspirierenden und \u00e4u\u00dferst kompetenten F\u00fchrungs- und Karrierecoach w\u00e4rmstens empfehlen.<br><br><\/em><\/p>\n<\/div>\n<\/div>\n<\/div>\n<\/div>\n\n\n\n<div class=\"gbp-section gb-element-5425d82\">\n<div class=\"gbp-section__inner gb-element-e1c0718\">\n<h2 class=\"gb-text gbp-section__headline gb-text-72d9b89\">Sind Sie bereit aus der Sackgasse herauszukommen?<\/h2>\n\n\n\n<p class=\"gb-text gbp-section__text gb-text-f509cb6f\">Your next chapter starts with one conversation. No commitment, no pressure\u2014just clarity.<\/p>\n\n\n\n<p class=\"gb-text gb-text-e1695da5\">\u2713 15\u201330 Minuten, ganz unverbindlich<\/p>\n\n\n\n<p class=\"gb-text gb-text-e6845dba\">\u2713 Sofort mehr Klarheit<\/p>\n\n\n\n<p class=\"gb-text gb-text-6adcf77d\">\u2713 Sie nehmen konkrete n\u00e4chste Schritte mit<\/p>\n<\/div>\n<\/div>\n\n\n\n<div class=\"gbp-section gb-element-087001d3\" id=\"booking\"><div class=\"fcal_cal_wrap fcal-light-mode\">\n    <div class=\"fluent_booking_app\" data-calendar_id=\"2\"\n         data-event_id=\"2\"><\/div>\n    <\/div>\n\n<style>\n    .fcal_phone_wrapper .flag {\n        background: url(https:\/\/niv-now.com\/wp-content\/plugins\/fluent-booking\/assets\/images\/flags_responsive.png) no-repeat;\n        background-size: 100%;\n    }\n<\/style>\n\n<\/div>","protected":false},"excerpt":{"rendered":"<p>Career Coaching in Berlin: From Career Confusion to Crystal Clear Direction Whether you&#8217;ve been laid off, relocated, or restructured out of a role\u2014you don&#8217;t have to navigate this alone. Get a clear roadmap, rebuild your confidence, and land a career that actually fits you. Book Your Free Clarity Call If you&#8217;re Experiencing Any of These, &#8230; <a title=\"Career Coach Berlin | Get Unstuck &#038; Change Direction\" class=\"read-more\" href=\"https:\/\/niv-now.com\/de\/feeling-stuck-in-your-career\/\" aria-label=\"Mehr Informationen \u00fcber Career Coach Berlin | Get Unstuck &#038; Change Direction\">Weiterlesen<\/a><\/p>","protected":false},"author":1,"featured_media":0,"parent":0,"menu_order":6,"comment_status":"closed","ping_status":"closed","template":"","meta":{"slim_seo":{"title":"Get Unstuck & Change Direction | Career Coaching","description":"Confused about your next career move? Work with a bilingual career coach. 150+ professionals helped. Book a free 30-min clarity call."},"iawp_total_views":67,"footnotes":""},"pagecat":[39],"class_list":{"0":"post-50522","1":"page","2":"type-page","3":"status-publish","5":"pagecat-newsletter-above-footer"},"meta_box":[],"_links":{"self":[{"href":"https:\/\/niv-now.com\/de\/wp-json\/wp\/v2\/pages\/50522","targetHints":{"allow":["GET"]}}],"collection":[{"href":"https:\/\/niv-now.com\/de\/wp-json\/wp\/v2\/pages"}],"about":[{"href":"https:\/\/niv-now.com\/de\/wp-json\/wp\/v2\/types\/page"}],"author":[{"embeddable":true,"href":"https:\/\/niv-now.com\/de\/wp-json\/wp\/v2\/users\/1"}],"replies":[{"embeddable":true,"href":"https:\/\/niv-now.com\/de\/wp-json\/wp\/v2\/comments?post=50522"}],"version-history":[{"count":20,"href":"https:\/\/niv-now.com\/de\/wp-json\/wp\/v2\/pages\/50522\/revisions"}],"predecessor-version":[{"id":52022,"href":"https:\/\/niv-now.com\/de\/wp-json\/wp\/v2\/pages\/50522\/revisions\/52022"}],"wp:attachment":[{"href":"https:\/\/niv-now.com\/de\/wp-json\/wp\/v2\/media?parent=50522"}],"wp:term":[{"taxonomy":"pagecat","embeddable":true,"href":"https:\/\/niv-now.com\/de\/wp-json\/wp\/v2\/pagecat?post=50522"}],"curies":[{"name":"wp","href":"https:\/\/api.w.org\/{rel}","templated":true}]}}